{"id":1747,"date":"2022-11-23T09:06:00","date_gmt":"2022-11-23T07:06:00","guid":{"rendered":"https:\/\/ip-systems.de\/kontakt\/"},"modified":"2023-06-13T10:39:51","modified_gmt":"2023-06-13T08:39:51","slug":"contact","status":"publish","type":"page","link":"https:\/\/ip-systems.de\/en\/contact\/","title":{"rendered":"Contact"},"content":{"rendered":"\n<div class=\"wp-block-cover alignfull is-light is-style-medium\"><span aria-hidden=\"true\" class=\"wp-block-cover__background has-background-dim-0 has-background-dim\"><\/span><img decoding=\"async\" loading=\"lazy\" width=\"1920\" height=\"740\" class=\"wp-block-cover__image-background wp-image-250\" alt=\"\" src=\"https:\/\/ip-systems.de\/wp-content\/uploads\/2022\/11\/ip_systems_header_unternehmen.jpg\" data-object-fit=\"cover\" srcset=\"https:\/\/ip-systems.de\/wp-content\/uploads\/2022\/11\/ip_systems_header_unternehmen.jpg 1920w, https:\/\/ip-systems.de\/wp-content\/uploads\/2022\/11\/ip_systems_header_unternehmen-300x116.jpg 300w, https:\/\/ip-systems.de\/wp-content\/uploads\/2022\/11\/ip_systems_header_unternehmen-1024x395.jpg 1024w, https:\/\/ip-systems.de\/wp-content\/uploads\/2022\/11\/ip_systems_header_unternehmen-768x296.jpg 768w, https:\/\/ip-systems.de\/wp-content\/uploads\/2022\/11\/ip_systems_header_unternehmen-1536x592.jpg 1536w, https:\/\/ip-systems.de\/wp-content\/uploads\/2022\/11\/ip_systems_header_unternehmen-1600x617.jpg 1600w, https:\/\/ip-systems.de\/wp-content\/uploads\/2022\/11\/ip_systems_header_unternehmen-1200x463.jpg 1200w, https:\/\/ip-systems.de\/wp-content\/uploads\/2022\/11\/ip_systems_header_unternehmen-480x185.jpg 480w, https:\/\/ip-systems.de\/wp-content\/uploads\/2022\/11\/ip_systems_header_unternehmen-320x123.jpg 320w\" sizes=\"(max-width: 1920px) 100vw, 1920px\" \/><div class=\"wp-block-cover__inner-container\">\n<h1 class=\"wp-block-heading has-text-align-left is-style-small\">IP Systems GmbH<\/h1>\n\n\n\n<div class=\"max-width-outter-wrapper\"><div class=\"max-width-inner-wrapper\" style=\"max-width:640px\"><p class=\"is-style-h2\">Reliable, <mark style=\"background-color:rgba(0, 0, 0, 0)\" class=\"has-inline-color has-red-color\">client-oriented<\/mark><br>and experienced<\/p><\/div><\/div>\n\n\n\n<div class=\"max-width-outter-wrapper\"><div class=\"max-width-inner-wrapper\" style=\"max-width:640px\"><p>We know the telecommunications and IT market \u2013 because we have grown up with it. Now we can look back on over 25 years\u2019 experience of providing consultation and engineering services for renowned companies, from which our clients profit today.<\/p><\/div><\/div>\n<\/div><\/div>\n\n\n\n<div class=\"is-layout-constrained wp-block-group alignfull has-lightgray-background-color has-background\"><div class=\"wp-block-group__inner-container\">\n<div class=\"is-layout-flex wp-container-6 wp-block-columns\">\n<div class=\"is-layout-flow wp-block-column has-white-background-color has-background\">\n<h2 class=\"wp-block-heading is-style-small\"><strong>IP Systems GmbH<\/strong><\/h2>\n\n\n\n<p class=\"is-style-h2\">R\u00fcsselsheim<\/p>\n\n\n\n<p>Certified company headquarters according to DIN EN ISO 9001:2015<\/p>\n\n\n\n<p>Eisenstra\u00dfe 51<br>D-65428 R\u00fcsselsheim<\/p>\n\n\n\n<p><strong>T<\/strong>: +49 6142 9425 931<br><strong>F<\/strong>: +49 6142 9425 939<\/p>\n<\/div>\n\n\n\n<div class=\"is-layout-flow wp-block-column has-white-background-color has-background\">\n<h2 class=\"wp-block-heading is-style-small\"><strong>IP Systems GmbH<\/strong><\/h2>\n\n\n\n<p class=\"is-style-h2\">D\u00fcsseldorf<\/p>\n\n\n\n<p>Project office<\/p>\n\n\n\n<p>Birkenstra\u00dfe 65<br>D-40233 D\u00fcsseldorf<\/p>\n\n\n\n<p><strong>T<\/strong>: +49 211 7886 9030<br><\/p>\n<\/div>\n\n\n\n<div class=\"is-layout-flow wp-block-column\">\n<div class=\"is-vertical is-layout-flex wp-container-4 wp-block-group p-2 p-xl-3 distinguish-us-box has-white-color has-linear-60-gray-gradient-background has-text-color has-background\">\n<h2 class=\"wp-block-heading pb-2 has-white-color has-text-color\">Do you have any questions? We are happy to answer!<\/h2>\n\n\n\n<p class=\"pb-2\">Get in touch with us by email and we will contact you immediately. If you would like a non-binding consultation, you are welcome to leave us your telephone number and desired appointment date.<br><\/p>\n\n\n\n<p class=\"pb-2\">We look forward to hearing from you, Your IP Systems team.<\/p>\n\n\n\n<div class=\"is-layout-flex wp-block-buttons\">\n<div class=\"wp-block-button is-style-filled-red\"><a class=\"wp-block-button__link wp-element-button\" href=\"mailto:info@ip-systems.de\">Contact us now<\/a><\/div>\n<\/div>\n\n\n\n<p class=\"pt-3\"><strong>Email<\/strong>:&nbsp;<a href=\"mailto:info@ip-systems.de\"><\/a><a href=\"mailto:info@ip-systems.de\">info@ip-systems.de<\/a><br><strong>Web<\/strong>: <a href=\"http:\/\/www.ip-systems.de\/\">www.ip-systems.de<\/a><\/p>\n<\/div>\n<\/div>\n<\/div>\n<\/div><\/div>\n","protected":false},"excerpt":{"rendered":"<p>IP Systems GmbH R\u00fcsselsheim Certified company headquarters according to DIN EN ISO 9001:2015 Eisenstra\u00dfe 51D-65428 R\u00fcsselsheim T: +49 6142 9425 931F: +49 6142 9425 939 IP Systems GmbH D\u00fcsseldorf Project office Birkenstra\u00dfe 65D-40233 D\u00fcsseldorf T: +49 211 7886 9030 Do you have any questions? We are happy to answer! Get in touch with us by [&hellip;]<\/p>\n","protected":false},"author":1,"featured_media":0,"parent":0,"menu_order":0,"comment_status":"closed","ping_status":"closed","template":"","meta":{"inline_featured_image":false},"acf":[],"_links":{"self":[{"href":"https:\/\/ip-systems.de\/en\/wp-json\/wp\/v2\/pages\/1747"}],"collection":[{"href":"https:\/\/ip-systems.de\/en\/wp-json\/wp\/v2\/pages"}],"about":[{"href":"https:\/\/ip-systems.de\/en\/wp-json\/wp\/v2\/types\/page"}],"author":[{"embeddable":true,"href":"https:\/\/ip-systems.de\/en\/wp-json\/wp\/v2\/users\/1"}],"replies":[{"embeddable":true,"href":"https:\/\/ip-systems.de\/en\/wp-json\/wp\/v2\/comments?post=1747"}],"version-history":[{"count":2,"href":"https:\/\/ip-systems.de\/en\/wp-json\/wp\/v2\/pages\/1747\/revisions"}],"predecessor-version":[{"id":1772,"href":"https:\/\/ip-systems.de\/en\/wp-json\/wp\/v2\/pages\/1747\/revisions\/1772"}],"wp:attachment":[{"href":"https:\/\/ip-systems.de\/en\/wp-json\/wp\/v2\/media?parent=1747"}],"curies":[{"name":"wp","href":"https:\/\/api.w.org\/{rel}","templated":true}]}}